{"id":11,"date":"2015-12-14T04:11:26","date_gmt":"2015-12-14T04:11:26","guid":{"rendered":"http:\/\/theme-fusion.com\/avada\/medical\/?page_id=11"},"modified":"2026-03-30T06:51:34","modified_gmt":"2026-03-30T06:51:34","slug":"articles","status":"publish","type":"page","link":"https:\/\/neurologie.md\/index.php\/articles\/","title":{"rendered":"Articles"},"content":{"rendered":"<p><div class=\"fusion-bg-parallax\"  data-bg-align=\"left top\" data-direction=\"right\" data-mute=\"false\" data-opacity=\"100\" data-velocity=\"-0.4\" data-mobile-enabled=\"false\" data-break_parents=\"0\" data-bg-image=\"http:\/\/neurologie.md\/wp-content\/uploads\/2016\/01\/header-image-articles.jpg\" data-bg-repeat=\"false\" data-bg-height=\"\" data-bg-width=\"\"><\/div><div class=\"fusion-fullwidth fullwidth-box fusion-builder-row-1 fusion-parallax-right nonhundred-percent-fullwidth non-hundred-percent-height-scrolling\"  style='background-color: rgba(255,255,255,0);background-image: url(\"http:\/\/neurologie.md\/wp-content\/uploads\/2016\/01\/header-image-articles.jpg\");background-position: left top;background-repeat: no-repeat;padding-top:10%;padding-right:5%;padding-bottom:10%;padding-left:5%;border-top-width:0px;border-bottom-width:0px;border-color:#eae9e9;border-top-style:solid;border-bottom-style:solid;-webkit-background-size:cover;-moz-background-size:cover;-o-background-size:cover;background-size:cover;'><div class=\"fusion-builder-row fusion-row \"><div  class=\"fusion-layout-column fusion_builder_column fusion_builder_column_1_1 fusion-builder-column-0 fusion-one-full fusion-column-first fusion-column-last 1_1\"  style='margin-top:0px;margin-bottom:30px;'><div class=\"fusion-column-wrapper\" style=\"padding: 0px 0px 0px 0px;background-position:left top;background-repeat:no-repeat;-webkit-background-size:cover;-moz-background-size:cover;-o-background-size:cover;background-size:cover;\"   data-bg-url=\"\"><div class=\"fusion-text\"><h1 style=\"text-align: center;\"><span style=\"color: #ffffff;\">Neurologie<\/span> <span style=\"color: #3bafbf;\">Articole despre s\u0103n\u0103tate<\/span><\/h1>\n<p style=\"font-size: 26px; line-height: 36px; text-align: center;\"><span style=\"color: #ffffff;\">Ultimele tendin\u021be \u0219i studii din domeniul Neurologiei<\/span><\/p>\n<\/div><div class=\"fusion-sep-clear\"><\/div><div class=\"fusion-separator fusion-full-width-sep sep-none\" style=\"margin-left: auto;margin-right: auto;margin-top:10px;margin-bottom:10px;\"><\/div><div class=\"fusion-button-wrapper fusion-aligncenter\"><style type=\"text\/css\">.fusion-button.button-1 {border-radius:2px;}<\/style><a class=\"fusion-button button-flat fusion-button-default-size button-default button-1 fusion-button-span-no fusion-button-default-type\" target=\"_blank\" rel=\"noopener noreferrer\" href=\"#\"><span class=\"fusion-button-text\">\u00censcrie-te la nout\u0103\u021bi<\/span><\/a><\/div><div class=\"fusion-clearfix\"><\/div><\/div><\/div><\/div><\/div><div class=\"fusion-fullwidth fullwidth-box fusion-builder-row-2 nonhundred-percent-fullwidth non-hundred-percent-height-scrolling\"  style='background-color: rgba(255,255,255,0);background-position: left top;background-repeat: no-repeat;padding-top:100px;padding-right:0px;padding-bottom:100px;padding-left:0px;border-top-width:0px;border-bottom-width:0px;border-color:#eae9e9;border-top-style:solid;border-bottom-style:solid;'><div class=\"fusion-builder-row fusion-row \"><div  class=\"fusion-layout-column fusion_builder_column fusion_builder_column_1_1 fusion-builder-column-1 fusion-one-full fusion-column-first fusion-column-last fusion-column-no-min-height 1_1\"  style='margin-top:0px;margin-bottom:0px;'><div class=\"fusion-column-wrapper\" style=\"padding: 0px 0px 0px 0px;background-position:left top;background-repeat:no-repeat;-webkit-background-size:cover;-moz-background-size:cover;-o-background-size:cover;background-size:cover;\"   data-bg-url=\"\"><div class=\"fusion-blog-shortcode fusion-blog-shortcode-1 fusion-blog-archive fusion-blog-layout-grid-wrapper fusion-blog-infinite\"><style type=\"text\/css\">.fusion-blog-shortcode-1 .fusion-blog-layout-grid .fusion-post-grid{padding:20px;}.fusion-blog-shortcode-1 .fusion-posts-container{margin-left: -20px !important; margin-right:-20px !important;}<\/style><div class=\"fusion-posts-container fusion-posts-container-infinite fusion-blog-rollover fusion-blog-layout-grid fusion-blog-layout-grid-3 isotope\" data-pages=\"1\" data-grid-col-space=\"40\" style=\"margin: -20px -20px 0;min-height:500px;\"><article id=\"blog-1-post-891\" class=\"fusion-post-grid post-891 post type-post status-publish format-standard has-post-thumbnail hentry category-uncategorized\">\n<div class=\"fusion-post-wrapper\" style=\"background-color:rgba(255,255,255,1);border:1px solid #ebeaea;border-bottom-width:3px;\">\n\n\t\t\t<div class=\"fusion-flexslider flexslider fusion-flexslider-loading fusion-post-slideshow\" style=\"border-color:#ebeaea;\">\n\t\t<ul class=\"slides\">\n\t\t\t\n\t\t\t\t\t\t\t\t\t\t\t\t\t\t<li>\n\n<div  class=\"fusion-image-wrapper\" aria-haspopup=\"true\">\n\t\n\t\n\t\t\n\t\t\t\t\t<img loading=\"lazy\" decoding=\"async\" width=\"2000\" height=\"769\" src=\"https:\/\/neurologie.md\/wp-content\/uploads\/2016\/01\/header-image-contact.jpg\" class=\"attachment-full size-full wp-post-image\" alt=\"\" \/>\n\t\n\n\t\t<div class=\"fusion-rollover\">\n\t<div class=\"fusion-rollover-content\">\n\n\t\t\t\t\t\t\t\t\t\t\t\t\t\t<a class=\"fusion-rollover-link\" href=\"https:\/\/neurologie.md\/index.php\/2026\/03\/29\/progrese-in-neurologia-clinica-2026-de-la-povara-meningitei-la-cartografierea-genetica-a-neocortexului\/\">Progrese \u00een Neurologia Clinic\u0103 2026: De la Povara Meningitei la Cartografierea Genetic\u0103 a Neocortexului<\/a>\n\t\t\t\n\t\t\t\t\t\t\t\t\t\t\t\t\t\t\n\t\t\t\t\t\t\t\t\n\t\t\t\t\t\t\t\t\t\t\t\t\t<div class=\"fusion-rollover-sep\"><\/div>\n\t\t\t\t\n\t\t\t\t\t\t\t\t\t\t\t\t\t\t\t\t\t\t<a class=\"fusion-rollover-gallery\" href=\"https:\/\/neurologie.md\/wp-content\/uploads\/2016\/01\/header-image-contact.jpg\" data-id=\"891\" data-rel=\"iLightbox[gallery]\" data-title=\"header-image-contact\" data-caption=\"\">\n\t\t\t\t\t\tGallery\t\t\t\t\t<\/a>\n\t\t\t\t\t\t\t\t\t\t\t\t\t\t\n\t\t\t\t\n\t\t\t\t\t\t\t\t\n\t\t\t\t\t\t\t\t\n\t\t\n\t\t\t\t<a class=\"fusion-link-wrapper\" href=\"https:\/\/neurologie.md\/index.php\/2026\/03\/29\/progrese-in-neurologia-clinica-2026-de-la-povara-meningitei-la-cartografierea-genetica-a-neocortexului\/\" aria-label=\"Progrese \u00een Neurologia Clinic\u0103 2026: De la Povara Meningitei la Cartografierea Genetic\u0103 a Neocortexului\"><\/a>\n\t<\/div>\n<\/div>\n\n\t\n<\/div>\n<\/li>\n\t\t\t\n\t\t\t\n\t\t\t\t\t\t\t\t\t\t\t\t\t\t\t\t\t\t\t\t\t\t\t\t\t\t\t\t\t\t\t\t\t\t\t\t\t\t\t\t\t\t\t\t\t\t\t\t\t\t\t\t\t\t\t\t\t\t\t\t\t\t\t\t\t\t\t\t<\/ul>\n\t<\/div>\n\t<div class=\"fusion-post-content-wrapper\" style=\"padding:30px 25px 20px 25px;\"><div class=\"fusion-post-content post-content\"><h2 class=\"blog-shortcode-post-title entry-title\"><a href=\"https:\/\/neurologie.md\/index.php\/2026\/03\/29\/progrese-in-neurologia-clinica-2026-de-la-povara-meningitei-la-cartografierea-genetica-a-neocortexului\/\">Progrese \u00een Neurologia Clinic\u0103 2026: De la Povara Meningitei la Cartografierea Genetic\u0103 a Neocortexului<\/a><\/h2><div class=\"fusion-content-sep sep-single sep-solid\" style=\"border-color:#e0dede;\"><\/div><div class=\"fusion-post-content-container\"><p>Progrese \u00een Neurologia Clinic\u0103 2026: De la Povara Meningitei la Cartografierea Genetic\u0103 a Neocortexului [...]<\/p><\/div><\/div><div class=\"fusion-meta-info\"><div class=\"fusion-alignleft\"><a class=\"fusion-read-more\" href=\"https:\/\/neurologie.md\/index.php\/2026\/03\/29\/progrese-in-neurologia-clinica-2026-de-la-povara-meningitei-la-cartografierea-genetica-a-neocortexului\/\">Read More<\/a><\/div><\/div><\/div><div class=\"fusion-clearfix\"><\/div><\/div>\n<\/article>\n<div class=\"fusion-clearfix\"><\/div><\/div><\/div><div class=\"fusion-clearfix\"><\/div><\/div><\/div><\/div><\/div><div class=\"fusion-bg-parallax\"  data-bg-align=\"center center\" data-direction=\"right\" data-mute=\"false\" data-opacity=\"100\" data-velocity=\"-0.5\" data-mobile-enabled=\"false\" data-break_parents=\"0\" data-bg-image=\"http:\/\/neurologie.md\/wp-content\/uploads\/2015\/12\/make-an-appointment.jpg\" data-bg-repeat=\"false\" data-bg-height=\"\" data-bg-width=\"\"><\/div><div class=\"fusion-fullwidth fullwidth-box fusion-builder-row-3 fusion-parallax-right nonhundred-percent-fullwidth non-hundred-percent-height-scrolling fusion-equal-height-columns\"  style='background-color: rgba(255,255,255,0);background-image: url(\"http:\/\/neurologie.md\/wp-content\/uploads\/2015\/12\/make-an-appointment.jpg\");background-position: center center;background-repeat: no-repeat;padding-top:130px;padding-right:0px;padding-bottom:110px;padding-left:0px;border-top-width:0px;border-bottom-width:0px;border-color:#eae9e9;border-top-style:solid;border-bottom-style:solid;-webkit-background-size:cover;-moz-background-size:cover;-o-background-size:cover;background-size:cover;'><div class=\"fusion-builder-row fusion-row \"><div  class=\"fusion-layout-column fusion_builder_column fusion_builder_column_3_5 fusion-builder-column-2 fusion-three-fifth fusion-column-first 3_5\"  style='margin-top:0px;margin-bottom:30px;width:58.4%; margin-right: 4%;'><div class=\"fusion-column-wrapper\" style=\"padding: 0px 0px 0px 0px;background-position:left top;background-repeat:no-repeat;-webkit-background-size:cover;-moz-background-size:cover;-o-background-size:cover;background-size:cover;\"   data-bg-url=\"\"><div class=\"fusion-text\"><h2 style=\"color: #ffffff; text-align: left;\">Programeaz\u0103 o vizit\u0103<\/h2>\n<\/div><div class=\"fusion-text\"><h3 style=\"color: #fcfcfc; text-align: left;\">Programeaz\u0103 o vizit\u0103 la medicul neurolog.<\/h3>\n<\/div><div class=\"fusion-clearfix\"><\/div><\/div><\/div><div  class=\"fusion-layout-column fusion_builder_column fusion_builder_column_2_5 fusion-builder-column-3 fusion-two-fifth fusion-column-last 2_5\"  style='margin-top:0px;margin-bottom:30px;width:37.6%'><div class=\"fusion-column-wrapper\" style=\"padding: 0px 0px 0px 0px;background-position:left top;background-repeat:no-repeat;-webkit-background-size:cover;-moz-background-size:cover;-o-background-size:cover;background-size:cover;\"   data-bg-url=\"\"><div class=\"fusion-column-content-centered\"><div class=\"fusion-column-content\"><div class=\"fusion-button-wrapper fusion-align-block\"><style type=\"text\/css\">.fusion-button.button-2 {border-radius:2px;}<\/style><a class=\"fusion-button button-flat button-xlarge button-default button-2 fusion-button-default-span fusion-button-default-type\" target=\"_self\" href=\"https:\/\/neurologie.md\/#consultatie\"><span class=\"fusion-button-text\">Rezerv\u0103 o consulta\u021bie<\/span><\/a><\/div><\/div><\/div><div class=\"fusion-clearfix\"><\/div><\/div><\/div><\/div><\/div><\/p>\n","protected":false},"excerpt":{"rendered":"","protected":false},"author":1,"featured_media":0,"parent":0,"menu_order":0,"comment_status":"closed","ping_status":"closed","template":"100-width.php","meta":{"footnotes":""},"class_list":["post-11","page","type-page","status-publish","hentry"],"yoast_head":"<!-- This site is optimized with the Yoast SEO plugin v14.1 - https:\/\/yoast.com\/wordpress\/plugins\/seo\/ -->\n<title>Articles - Neurologie.md<\/title>\n<meta name=\"description\" content=\"Articole despre tendin\u021be \u0219i studii \u00een neurologie\" \/>\n<meta name=\"robots\" content=\"index, follow\" \/>\n<meta name=\"googlebot\" content=\"index, follow, max-snippet:-1, max-image-preview:large, max-video-preview:-1\" \/>\n<meta name=\"bingbot\" content=\"index, follow, max-snippet:-1, max-image-preview:large, max-video-preview:-1\" \/>\n<link rel=\"canonical\" href=\"https:\/\/neurologie.md\/index.php\/articles\/\" \/>\n<meta property=\"og:locale\" content=\"en_US\" \/>\n<meta property=\"og:type\" content=\"article\" \/>\n<meta property=\"og:title\" content=\"Articles - Neurologie.md\" \/>\n<meta property=\"og:description\" content=\"Articole despre tendin\u021be \u0219i studii \u00een neurologie\" \/>\n<meta property=\"og:url\" content=\"https:\/\/neurologie.md\/index.php\/articles\/\" \/>\n<meta property=\"og:site_name\" content=\"Neurologie.md\" \/>\n<meta property=\"article:modified_time\" content=\"2026-03-30T06:51:34+00:00\" \/>\n<meta name=\"twitter:card\" content=\"summary_large_image\" \/>\n<script type=\"application\/ld+json\" class=\"yoast-schema-graph\">{\"@context\":\"https:\/\/schema.org\",\"@graph\":[{\"@type\":\"WebSite\",\"@id\":\"https:\/\/neurologie.md\/#website\",\"url\":\"https:\/\/neurologie.md\/\",\"name\":\"Neurologie.md\",\"description\":\"\",\"potentialAction\":[{\"@type\":\"SearchAction\",\"target\":\"https:\/\/neurologie.md\/?s={search_term_string}\",\"query-input\":\"required name=search_term_string\"}],\"inLanguage\":\"en-US\"},{\"@type\":\"WebPage\",\"@id\":\"https:\/\/neurologie.md\/index.php\/articles\/#webpage\",\"url\":\"https:\/\/neurologie.md\/index.php\/articles\/\",\"name\":\"Articles - Neurologie.md\",\"isPartOf\":{\"@id\":\"https:\/\/neurologie.md\/#website\"},\"datePublished\":\"2015-12-14T04:11:26+00:00\",\"dateModified\":\"2026-03-30T06:51:34+00:00\",\"description\":\"Articole despre tendin\\u021be \\u0219i studii \\u00een neurologie\",\"inLanguage\":\"en-US\",\"potentialAction\":[{\"@type\":\"ReadAction\",\"target\":[\"https:\/\/neurologie.md\/index.php\/articles\/\"]}]}]}<\/script>\n<!-- \/ Yoast SEO plugin. -->","_links":{"self":[{"href":"https:\/\/neurologie.md\/index.php\/wp-json\/wp\/v2\/pages\/11","targetHints":{"allow":["GET"]}}],"collection":[{"href":"https:\/\/neurologie.md\/index.php\/wp-json\/wp\/v2\/pages"}],"about":[{"href":"https:\/\/neurologie.md\/index.php\/wp-json\/wp\/v2\/types\/page"}],"author":[{"embeddable":true,"href":"https:\/\/neurologie.md\/index.php\/wp-json\/wp\/v2\/users\/1"}],"replies":[{"embeddable":true,"href":"https:\/\/neurologie.md\/index.php\/wp-json\/wp\/v2\/comments?post=11"}],"version-history":[{"count":4,"href":"https:\/\/neurologie.md\/index.php\/wp-json\/wp\/v2\/pages\/11\/revisions"}],"predecessor-version":[{"id":910,"href":"https:\/\/neurologie.md\/index.php\/wp-json\/wp\/v2\/pages\/11\/revisions\/910"}],"wp:attachment":[{"href":"https:\/\/neurologie.md\/index.php\/wp-json\/wp\/v2\/media?parent=11"}],"curies":[{"name":"wp","href":"https:\/\/api.w.org\/{rel}","templated":true}]}}